{"id":2309,"date":"2023-08-23T15:52:01","date_gmt":"2023-08-23T15:52:01","guid":{"rendered":"https:\/\/kortingzone.be\/?page_id=2309"},"modified":"2025-01-31T17:16:07","modified_gmt":"2025-01-31T17:16:07","slug":"ueber-gutschein365-ch","status":"publish","type":"page","link":"https:\/\/gutschein365.ch\/en\/ueber-gutschein365-ch\/","title":{"rendered":"\u00dcber Gutschein365.ch"},"content":{"rendered":"<p>Gutschein365.ch ist eine Online-Website, die Rabattcodes, Promocodes und Coupons f\u00fcr Verbraucher anbietet, die bei ihren Eink\u00e4ufen Geld sparen m\u00f6chten. Jeden Tag ver\u00f6ffentlichen wir die aktualisierten Rabattcodes auf unserer Website. Neben Rabattcoupons und Promocodes bietet unsere Website auch die besten Informationen zu den neuesten Angeboten und Verk\u00e4ufen beliebter Einzelh\u00e4ndler.<\/p>\n\n\n\n<h2 class=\"wp-block-heading\">Haftungsausschluss<\/h2>\n\n\n\n<p>Bitte beachten Sie, dass Gutschein365.ch keine Online-Verkaufsplattform ist. Wir sind spezialisiert auf die Bereitstellung von kostenlosen Gutscheinen und Rabattcodes, die ausschlie\u00dflich in den jeweiligen Online-Shops in der Schweiz verwendet werden k\u00f6nnen. Alle Fragen zu Ihren Bestellungen, Reservierungen oder zum Versandstatus sollten direkt an den jeweiligen Online-Shop oder Lieferanten gerichtet werden. Wenn Sie jedoch Fragen zur korrekten Verwendung eines Aktionscodes haben, k\u00f6nnen Sie uns gerne per E-Mail kontaktieren.<\/p>\n\n\n\n<p><\/p>\n\n\n\n<p><\/p>\n\n\n\n<p><\/p>","protected":false},"excerpt":{"rendered":"<p>Gutschein365.ch ist eine Online-Website, die Rabattcodes, Promocodes und Coupons f\u00fcr Verbraucher anbietet, die bei ihren Eink\u00e4ufen Geld sparen m\u00f6chten. Jeden Tag ver\u00f6ffentlichen wir die aktualisierten Rabattcodes auf unserer Website. Neben Rabattcoupons und Promocodes bietet unsere Website auch die besten Informationen zu den neuesten Angeboten und Verk\u00e4ufen beliebter Einzelh\u00e4ndler. Haftungsausschluss Bitte beachten Sie, dass Gutschein365.ch keine&#8230;<\/p>","protected":false},"author":5,"featured_media":0,"parent":0,"menu_order":0,"comment_status":"closed","ping_status":"closed","template":"","meta":{"_acf_changed":false,"footnotes":""},"class_list":["post-2309","page","type-page","status-publish","hentry"],"acf":[],"yoast_head":"<!-- This site is optimized with the Yoast SEO plugin v22.8 - https:\/\/yoast.com\/wordpress\/plugins\/seo\/ -->\n<title>\u00dcber Gutschein365.ch \u00bb G\u00fcltige Rabatte im Jahr 2025<\/title>\n<meta name=\"description\" content=\"Alle Infos zur Einl\u00f6sung von Rabattcodes, Coupons und Sale-Angeboten in der Schweiz erh\u00e4ltst du bei Gutschein365.ch.\" \/>\n<meta name=\"robots\" content=\"index, follow, max-snippet:-1, max-image-preview:large, max-video-preview:-1\" \/>\n<link rel=\"canonical\" href=\"https:\/\/gutschein365.ch\/en\/ueber-gutschein365-ch\/\" \/>\n<meta property=\"og:locale\" content=\"en_US\" \/>\n<meta property=\"og:type\" content=\"article\" \/>\n<meta property=\"og:title\" content=\"\u00dcber Gutschein365.ch \u00bb G\u00fcltige Rabatte im Jahr 2025\" \/>\n<meta property=\"og:description\" content=\"Alle Infos zur Einl\u00f6sung von Rabattcodes, Coupons und Sale-Angeboten in der Schweiz erh\u00e4ltst du bei Gutschein365.ch.\" \/>\n<meta property=\"og:url\" content=\"https:\/\/gutschein365.ch\/en\/ueber-gutschein365-ch\/\" \/>\n<meta property=\"og:site_name\" content=\"Gutschein365\" \/>\n<meta property=\"article:modified_time\" content=\"2025-01-31T17:16:07+00:00\" \/>\n<meta name=\"twitter:card\" content=\"summary_large_image\" \/>\n<meta name=\"twitter:label1\" content=\"Est. reading time\" \/>\n\t<meta name=\"twitter:data1\" content=\"1 minute\" \/>\n<script type=\"application\/ld+json\" class=\"yoast-schema-graph\">{\"@context\":\"https:\/\/schema.org\",\"@graph\":[{\"@type\":\"WebPage\",\"@id\":\"https:\/\/gutschein365.ch\/ueber-gutschein365-ch\/\",\"url\":\"https:\/\/gutschein365.ch\/ueber-gutschein365-ch\/\",\"name\":\"\u00dcber Gutschein365.ch \u00bb G\u00fcltige Rabatte im Jahr 2025\",\"isPartOf\":{\"@id\":\"https:\/\/gutschein365.ch\/#website\"},\"datePublished\":\"2023-08-23T15:52:01+00:00\",\"dateModified\":\"2025-01-31T17:16:07+00:00\",\"description\":\"Alle Infos zur Einl\u00f6sung von Rabattcodes, Coupons und Sale-Angeboten in der Schweiz erh\u00e4ltst du bei Gutschein365.ch.\",\"breadcrumb\":{\"@id\":\"https:\/\/gutschein365.ch\/ueber-gutschein365-ch\/#breadcrumb\"},\"inLanguage\":\"en-US\",\"potentialAction\":[{\"@type\":\"ReadAction\",\"target\":[\"https:\/\/gutschein365.ch\/ueber-gutschein365-ch\/\"]}]},{\"@type\":\"BreadcrumbList\",\"@id\":\"https:\/\/gutschein365.ch\/ueber-gutschein365-ch\/#breadcrumb\",\"itemListElement\":[{\"@type\":\"ListItem\",\"position\":1,\"name\":\"Home\",\"item\":\"https:\/\/gutschein365.ch\/\"},{\"@type\":\"ListItem\",\"position\":2,\"name\":\"\u00dcber Gutschein365.ch\"}]},{\"@type\":\"WebSite\",\"@id\":\"https:\/\/gutschein365.ch\/#website\",\"url\":\"https:\/\/gutschein365.ch\/\",\"name\":\"Gutschein365\",\"description\":\"Home\",\"publisher\":{\"@id\":\"https:\/\/gutschein365.ch\/#organization\"},\"potentialAction\":[{\"@type\":\"SearchAction\",\"target\":{\"@type\":\"EntryPoint\",\"urlTemplate\":\"https:\/\/gutschein365.ch\/?s={search_term_string}\"},\"query-input\":\"required name=search_term_string\"}],\"inLanguage\":\"en-US\"},{\"@type\":\"Organization\",\"@id\":\"https:\/\/gutschein365.ch\/#organization\",\"name\":\"Gutschein365\",\"url\":\"https:\/\/gutschein365.ch\/\",\"logo\":{\"@type\":\"ImageObject\",\"inLanguage\":\"en-US\",\"@id\":\"https:\/\/gutschein365.ch\/#\/schema\/logo\/image\/\",\"url\":\"https:\/\/gutschein365.ch\/wp-content\/uploads\/2023\/03\/Switzerland-removebg-preview.png\",\"contentUrl\":\"https:\/\/gutschein365.ch\/wp-content\/uploads\/2023\/03\/Switzerland-removebg-preview.png\",\"width\":954,\"height\":261,\"caption\":\"Gutschein365\"},\"image\":{\"@id\":\"https:\/\/gutschein365.ch\/#\/schema\/logo\/image\/\"}}]}<\/script>\n<!-- \/ Yoast SEO plugin. -->","yoast_head_json":{"title":"\u00dcber Gutschein365.ch \u00bb G\u00fcltige Rabatte im Jahr 2025","description":"Alle Infos zur Einl\u00f6sung von Rabattcodes, Coupons und Sale-Angeboten in der Schweiz erh\u00e4ltst du bei Gutschein365.ch.","robots":{"index":"index","follow":"follow","max-snippet":"max-snippet:-1","max-image-preview":"max-image-preview:large","max-video-preview":"max-video-preview:-1"},"canonical":"https:\/\/gutschein365.ch\/en\/ueber-gutschein365-ch\/","og_locale":"en_US","og_type":"article","og_title":"\u00dcber Gutschein365.ch \u00bb G\u00fcltige Rabatte im Jahr 2025","og_description":"Alle Infos zur Einl\u00f6sung von Rabattcodes, Coupons und Sale-Angeboten in der Schweiz erh\u00e4ltst du bei Gutschein365.ch.","og_url":"https:\/\/gutschein365.ch\/en\/ueber-gutschein365-ch\/","og_site_name":"Gutschein365","article_modified_time":"2025-01-31T17:16:07+00:00","twitter_card":"summary_large_image","twitter_misc":{"Est. reading time":"1 minute"},"schema":{"@context":"https:\/\/schema.org","@graph":[{"@type":"WebPage","@id":"https:\/\/gutschein365.ch\/ueber-gutschein365-ch\/","url":"https:\/\/gutschein365.ch\/ueber-gutschein365-ch\/","name":"\u00dcber Gutschein365.ch \u00bb G\u00fcltige Rabatte im Jahr 2025","isPartOf":{"@id":"https:\/\/gutschein365.ch\/#website"},"datePublished":"2023-08-23T15:52:01+00:00","dateModified":"2025-01-31T17:16:07+00:00","description":"Alle Infos zur Einl\u00f6sung von Rabattcodes, Coupons und Sale-Angeboten in der Schweiz erh\u00e4ltst du bei Gutschein365.ch.","breadcrumb":{"@id":"https:\/\/gutschein365.ch\/ueber-gutschein365-ch\/#breadcrumb"},"inLanguage":"en-US","potentialAction":[{"@type":"ReadAction","target":["https:\/\/gutschein365.ch\/ueber-gutschein365-ch\/"]}]},{"@type":"BreadcrumbList","@id":"https:\/\/gutschein365.ch\/ueber-gutschein365-ch\/#breadcrumb","itemListElement":[{"@type":"ListItem","position":1,"name":"Home","item":"https:\/\/gutschein365.ch\/"},{"@type":"ListItem","position":2,"name":"\u00dcber Gutschein365.ch"}]},{"@type":"WebSite","@id":"https:\/\/gutschein365.ch\/#website","url":"https:\/\/gutschein365.ch\/","name":"Gutschein365","description":"Home","publisher":{"@id":"https:\/\/gutschein365.ch\/#organization"},"potentialAction":[{"@type":"SearchAction","target":{"@type":"EntryPoint","urlTemplate":"https:\/\/gutschein365.ch\/?s={search_term_string}"},"query-input":"required name=search_term_string"}],"inLanguage":"en-US"},{"@type":"Organization","@id":"https:\/\/gutschein365.ch\/#organization","name":"Gutschein365","url":"https:\/\/gutschein365.ch\/","logo":{"@type":"ImageObject","inLanguage":"en-US","@id":"https:\/\/gutschein365.ch\/#\/schema\/logo\/image\/","url":"https:\/\/gutschein365.ch\/wp-content\/uploads\/2023\/03\/Switzerland-removebg-preview.png","contentUrl":"https:\/\/gutschein365.ch\/wp-content\/uploads\/2023\/03\/Switzerland-removebg-preview.png","width":954,"height":261,"caption":"Gutschein365"},"image":{"@id":"https:\/\/gutschein365.ch\/#\/schema\/logo\/image\/"}}]}},"_links":{"self":[{"href":"https:\/\/gutschein365.ch\/en\/wp-json\/wp\/v2\/pages\/2309","targetHints":{"allow":["GET"]}}],"collection":[{"href":"https:\/\/gutschein365.ch\/en\/wp-json\/wp\/v2\/pages"}],"about":[{"href":"https:\/\/gutschein365.ch\/en\/wp-json\/wp\/v2\/types\/page"}],"author":[{"embeddable":true,"href":"https:\/\/gutschein365.ch\/en\/wp-json\/wp\/v2\/users\/5"}],"replies":[{"embeddable":true,"href":"https:\/\/gutschein365.ch\/en\/wp-json\/wp\/v2\/comments?post=2309"}],"version-history":[{"count":0,"href":"https:\/\/gutschein365.ch\/en\/wp-json\/wp\/v2\/pages\/2309\/revisions"}],"wp:attachment":[{"href":"https:\/\/gutschein365.ch\/en\/wp-json\/wp\/v2\/media?parent=2309"}],"curies":[{"name":"wp","href":"https:\/\/api.w.org\/{rel}","templated":true}]}}