{"id":2315,"date":"2023-08-23T16:19:33","date_gmt":"2023-08-23T16:19:33","guid":{"rendered":"https:\/\/kortingzone.be\/?page_id=2315"},"modified":"2025-09-16T16:36:08","modified_gmt":"2025-09-16T16:36:08","slug":"datenschutzerklaerung","status":"publish","type":"page","link":"https:\/\/gutschein365.ch\/en\/datenschutzerklaerung\/","title":{"rendered":"Datenschutzerkl\u00e4rung"},"content":{"rendered":"<p>Willkommen bei Gutschein365.ch! Unsere h\u00f6chste Priorit\u00e4t ist der Schutz Ihrer Privatsph\u00e4re und die Gew\u00e4hrleistung der Sicherheit Ihrer pers\u00f6nlichen Daten. Diese Datenschutzrichtlinie soll Aufschluss dar\u00fcber geben, wie wir Ihre Daten sammeln, verwenden, weitergeben und sch\u00fctzen, wenn Sie unsere Website (Gutschein365.ch) besuchen. Indem Sie die Website nutzen oder darauf zugreifen, stimmen Sie den in dieser Datenschutzrichtlinie beschriebenen Praktiken zu.<\/p>\n\n\n\n<p><strong>Welke informatie we verzamelen<\/strong><\/p>\n\n\n\n<ul class=\"wp-block-list\">\n<li><strong>Persoonlijke informatie<\/strong><\/li>\n<\/ul>\n\n\n\n<p>Seien Sie versichert, dass wir w\u00e4hrend Ihres Besuchs auf unserer Website keine personenbezogenen Daten (wie etwa Ihren Namen, Ihre Adresse oder Ihre E-Mail-Adresse) von Ihnen erfassen.<\/p>\n\n\n\n<ul class=\"wp-block-list\">\n<li><strong>Nicht personenbezogene Daten<\/strong><\/li>\n<\/ul>\n\n\n\n<p>W\u00e4hrend Sie durch die Website navigieren, erfassen wir m\u00f6glicherweise nicht personenbezogene Daten wie Ihre IP-Adresse, Browsertyp, Betriebssystem, verweisende URLs und Nutzungsmuster. Diese Daten sind von unsch\u00e4tzbarem Wert, um unsere Website zu verbessern und ein nahtloseres Benutzererlebnis zu bieten.<\/p>\n\n\n\n<ul class=\"wp-block-list\">\n<li><strong>So verwenden wir Ihre Daten<\/strong><\/li>\n<\/ul>\n\n\n\n<p>Die von uns gesammelten nicht personenbezogenen Daten werden verwendet, um Trends zu analysieren, die Website zu verwalten, Benutzerbewegungen zu verfolgen und demografische Daten f\u00fcr die Gesamtnutzung zu sammeln. Diese wertvollen Erkenntnisse erm\u00f6glichen es uns, unsere Dienste zu verfeinern, um den Anforderungen unserer Benutzer besser gerecht zu werden.<\/p>\n\n\n\n<ul class=\"wp-block-list\">\n<li><strong>Cookies und Tracking Technologien<\/strong><\/li>\n<\/ul>\n\n\n\n<p>Um Ihr Erlebnis zu verbessern, k\u00f6nnen wir Cookies und andere Tracking-Technologien verwenden. Cookies sind kleine Textdateien, die auf Ihrem Ger\u00e4t abgelegt werden und Informationen \u00fcber Ihre Aktivit\u00e4ten auf unserer Website sammeln. Sie k\u00f6nnen Cookies in Ihren Browsereinstellungen deaktivieren. Allerdings funktionieren einige Website Funktionen ohne diese Cookies m\u00f6glicherweise nicht richtig.<\/p>\n\n\n\n<ul class=\"wp-block-list\">\n<li><strong>Links zu Drittanbietern<\/strong><\/li>\n<\/ul>\n\n\n\n<p>Unsere Website kann Links zu Websites Dritter enthalten. Bitte beachten Sie, dass wir nicht f\u00fcr die Datenschutzpraktiken oder den Inhalt dieser externen Websites verantwortlich sind. Bevor Sie pers\u00f6nliche Informationen weitergeben, empfehlen wir Ihnen, die Datenschutzrichtlinien dieser Websites zu lesen.<\/p>\n\n\n\n<ul class=\"wp-block-list\">\n<li><strong>Gew\u00e4hrleistung der Datensicherheit<\/strong><\/li>\n<\/ul>\n\n\n\n<p>Die Sicherheit Ihrer Daten ist uns ein Anliegen und wir haben entsprechende physische, elektronische und organisatorische Protokolle implementiert, um die von uns erfassten Informationen zu sch\u00fctzen.<\/p>\n\n\n\n<ul class=\"wp-block-list\">\n<li><strong>\u00c4nderungen dieser Datenschutzrichtlinie<\/strong><\/li>\n<\/ul>\n\n\n\n<p>Wir behalten uns das Recht vor, diese Datenschutzrichtlinie bei Bedarf zu \u00e4ndern. Alle \u00c4nderungen werden sofort nach Ver\u00f6ffentlichung der aktualisierten Datenschutzrichtlinie auf der Website wirksam. Es wird empfohlen, diese Richtlinie regelm\u00e4\u00dfig auf m\u00f6gliche Aktualisierungen zu \u00fcberpr\u00fcfen.<\/p>\n\n\n\n<ul class=\"wp-block-list\">\n<li><strong>Kontaktieren Sie uns<\/strong><\/li>\n<\/ul>\n\n\n\n<p>Wenn Sie Fragen, Bedenken oder W\u00fcnsche zu dieser Datenschutzrichtlinie haben, z\u00f6gern Sie bitte nicht, uns unter <a href=\"mailto:Info@kortingzone.be\">basitaffiliatemarketer@gmail.com<\/a> zu kontaktieren.<\/p>\n\n\n\n<p>Durch die Nutzung unserer Website erkl\u00e4ren Sie sich mit dieser Datenschutzrichtlinie einverstanden. Wenn Sie mit den Bedingungen nicht einverstanden sind, bitten wir Sie, die Website nicht zu nutzen.<\/p>\n\n\n\n<p>Vielen Dank, dass Sie Gutschein365.ch Ihre Daten anvertrauen. Ihr Vertrauen bedeutet uns alles.<\/p>","protected":false},"excerpt":{"rendered":"<p>Willkommen bei Gutschein365.ch! Unsere h\u00f6chste Priorit\u00e4t ist der Schutz Ihrer Privatsph\u00e4re und die Gew\u00e4hrleistung der Sicherheit Ihrer pers\u00f6nlichen Daten. Diese Datenschutzrichtlinie soll Aufschluss dar\u00fcber geben, wie wir Ihre Daten sammeln, verwenden, weitergeben und sch\u00fctzen, wenn Sie unsere Website (Gutschein365.ch) besuchen. Indem Sie die Website nutzen oder darauf zugreifen, stimmen Sie den in dieser Datenschutzrichtlinie beschriebenen&#8230;<\/p>","protected":false},"author":5,"featured_media":0,"parent":0,"menu_order":0,"comment_status":"closed","ping_status":"closed","template":"","meta":{"_acf_changed":false,"footnotes":""},"class_list":["post-2315","page","type-page","status-publish","hentry"],"acf":[],"yoast_head":"<!-- This site is optimized with the Yoast SEO plugin v22.8 - https:\/\/yoast.com\/wordpress\/plugins\/seo\/ -->\n<title>Datenschutzerkl\u00e4rung - Gutschein365.ch<\/title>\n<meta name=\"description\" content=\"Lesen Sie die Datenschutzrichtlinie, um mehr Vertrauen bei Gutschein365.ch aufzubauen. Die Plattform zum Anbieten g\u00fcltiger Gutscheine.\" \/>\n<meta name=\"robots\" content=\"index, follow, max-snippet:-1, max-image-preview:large, max-video-preview:-1\" \/>\n<link rel=\"canonical\" href=\"https:\/\/gutschein365.ch\/en\/datenschutzerklaerung\/\" \/>\n<meta property=\"og:locale\" content=\"en_US\" \/>\n<meta property=\"og:type\" content=\"article\" \/>\n<meta property=\"og:title\" content=\"Datenschutzerkl\u00e4rung - Gutschein365.ch\" \/>\n<meta property=\"og:description\" content=\"Lesen Sie die Datenschutzrichtlinie, um mehr Vertrauen bei Gutschein365.ch aufzubauen. Die Plattform zum Anbieten g\u00fcltiger Gutscheine.\" \/>\n<meta property=\"og:url\" content=\"https:\/\/gutschein365.ch\/en\/datenschutzerklaerung\/\" \/>\n<meta property=\"og:site_name\" content=\"Gutschein365\" \/>\n<meta property=\"article:modified_time\" content=\"2025-09-16T16:36:08+00:00\" \/>\n<meta name=\"twitter:card\" content=\"summary_large_image\" \/>\n<meta name=\"twitter:label1\" content=\"Est. reading time\" \/>\n\t<meta name=\"twitter:data1\" content=\"3 minutes\" \/>\n<script type=\"application\/ld+json\" class=\"yoast-schema-graph\">{\"@context\":\"https:\/\/schema.org\",\"@graph\":[{\"@type\":\"WebPage\",\"@id\":\"https:\/\/gutschein365.ch\/datenschutzerklaerung\/\",\"url\":\"https:\/\/gutschein365.ch\/datenschutzerklaerung\/\",\"name\":\"Datenschutzerkl\u00e4rung - Gutschein365.ch\",\"isPartOf\":{\"@id\":\"https:\/\/gutschein365.ch\/#website\"},\"datePublished\":\"2023-08-23T16:19:33+00:00\",\"dateModified\":\"2025-09-16T16:36:08+00:00\",\"description\":\"Lesen Sie die Datenschutzrichtlinie, um mehr Vertrauen bei Gutschein365.ch aufzubauen. Die Plattform zum Anbieten g\u00fcltiger Gutscheine.\",\"breadcrumb\":{\"@id\":\"https:\/\/gutschein365.ch\/datenschutzerklaerung\/#breadcrumb\"},\"inLanguage\":\"en-US\",\"potentialAction\":[{\"@type\":\"ReadAction\",\"target\":[\"https:\/\/gutschein365.ch\/datenschutzerklaerung\/\"]}]},{\"@type\":\"BreadcrumbList\",\"@id\":\"https:\/\/gutschein365.ch\/datenschutzerklaerung\/#breadcrumb\",\"itemListElement\":[{\"@type\":\"ListItem\",\"position\":1,\"name\":\"Home\",\"item\":\"https:\/\/gutschein365.ch\/\"},{\"@type\":\"ListItem\",\"position\":2,\"name\":\"Datenschutzerkl\u00e4rung\"}]},{\"@type\":\"WebSite\",\"@id\":\"https:\/\/gutschein365.ch\/#website\",\"url\":\"https:\/\/gutschein365.ch\/\",\"name\":\"Gutschein365\",\"description\":\"Home\",\"publisher\":{\"@id\":\"https:\/\/gutschein365.ch\/#organization\"},\"potentialAction\":[{\"@type\":\"SearchAction\",\"target\":{\"@type\":\"EntryPoint\",\"urlTemplate\":\"https:\/\/gutschein365.ch\/?s={search_term_string}\"},\"query-input\":\"required name=search_term_string\"}],\"inLanguage\":\"en-US\"},{\"@type\":\"Organization\",\"@id\":\"https:\/\/gutschein365.ch\/#organization\",\"name\":\"Gutschein365\",\"url\":\"https:\/\/gutschein365.ch\/\",\"logo\":{\"@type\":\"ImageObject\",\"inLanguage\":\"en-US\",\"@id\":\"https:\/\/gutschein365.ch\/#\/schema\/logo\/image\/\",\"url\":\"https:\/\/gutschein365.ch\/wp-content\/uploads\/2023\/03\/Switzerland-removebg-preview.png\",\"contentUrl\":\"https:\/\/gutschein365.ch\/wp-content\/uploads\/2023\/03\/Switzerland-removebg-preview.png\",\"width\":954,\"height\":261,\"caption\":\"Gutschein365\"},\"image\":{\"@id\":\"https:\/\/gutschein365.ch\/#\/schema\/logo\/image\/\"}}]}<\/script>\n<!-- \/ Yoast SEO plugin. -->","yoast_head_json":{"title":"Datenschutzerkl\u00e4rung - Gutschein365.ch","description":"Lesen Sie die Datenschutzrichtlinie, um mehr Vertrauen bei Gutschein365.ch aufzubauen. Die Plattform zum Anbieten g\u00fcltiger Gutscheine.","robots":{"index":"index","follow":"follow","max-snippet":"max-snippet:-1","max-image-preview":"max-image-preview:large","max-video-preview":"max-video-preview:-1"},"canonical":"https:\/\/gutschein365.ch\/en\/datenschutzerklaerung\/","og_locale":"en_US","og_type":"article","og_title":"Datenschutzerkl\u00e4rung - Gutschein365.ch","og_description":"Lesen Sie die Datenschutzrichtlinie, um mehr Vertrauen bei Gutschein365.ch aufzubauen. Die Plattform zum Anbieten g\u00fcltiger Gutscheine.","og_url":"https:\/\/gutschein365.ch\/en\/datenschutzerklaerung\/","og_site_name":"Gutschein365","article_modified_time":"2025-09-16T16:36:08+00:00","twitter_card":"summary_large_image","twitter_misc":{"Est. reading time":"3 minutes"},"schema":{"@context":"https:\/\/schema.org","@graph":[{"@type":"WebPage","@id":"https:\/\/gutschein365.ch\/datenschutzerklaerung\/","url":"https:\/\/gutschein365.ch\/datenschutzerklaerung\/","name":"Datenschutzerkl\u00e4rung - Gutschein365.ch","isPartOf":{"@id":"https:\/\/gutschein365.ch\/#website"},"datePublished":"2023-08-23T16:19:33+00:00","dateModified":"2025-09-16T16:36:08+00:00","description":"Lesen Sie die Datenschutzrichtlinie, um mehr Vertrauen bei Gutschein365.ch aufzubauen. Die Plattform zum Anbieten g\u00fcltiger Gutscheine.","breadcrumb":{"@id":"https:\/\/gutschein365.ch\/datenschutzerklaerung\/#breadcrumb"},"inLanguage":"en-US","potentialAction":[{"@type":"ReadAction","target":["https:\/\/gutschein365.ch\/datenschutzerklaerung\/"]}]},{"@type":"BreadcrumbList","@id":"https:\/\/gutschein365.ch\/datenschutzerklaerung\/#breadcrumb","itemListElement":[{"@type":"ListItem","position":1,"name":"Home","item":"https:\/\/gutschein365.ch\/"},{"@type":"ListItem","position":2,"name":"Datenschutzerkl\u00e4rung"}]},{"@type":"WebSite","@id":"https:\/\/gutschein365.ch\/#website","url":"https:\/\/gutschein365.ch\/","name":"Gutschein365","description":"Home","publisher":{"@id":"https:\/\/gutschein365.ch\/#organization"},"potentialAction":[{"@type":"SearchAction","target":{"@type":"EntryPoint","urlTemplate":"https:\/\/gutschein365.ch\/?s={search_term_string}"},"query-input":"required name=search_term_string"}],"inLanguage":"en-US"},{"@type":"Organization","@id":"https:\/\/gutschein365.ch\/#organization","name":"Gutschein365","url":"https:\/\/gutschein365.ch\/","logo":{"@type":"ImageObject","inLanguage":"en-US","@id":"https:\/\/gutschein365.ch\/#\/schema\/logo\/image\/","url":"https:\/\/gutschein365.ch\/wp-content\/uploads\/2023\/03\/Switzerland-removebg-preview.png","contentUrl":"https:\/\/gutschein365.ch\/wp-content\/uploads\/2023\/03\/Switzerland-removebg-preview.png","width":954,"height":261,"caption":"Gutschein365"},"image":{"@id":"https:\/\/gutschein365.ch\/#\/schema\/logo\/image\/"}}]}},"_links":{"self":[{"href":"https:\/\/gutschein365.ch\/en\/wp-json\/wp\/v2\/pages\/2315","targetHints":{"allow":["GET"]}}],"collection":[{"href":"https:\/\/gutschein365.ch\/en\/wp-json\/wp\/v2\/pages"}],"about":[{"href":"https:\/\/gutschein365.ch\/en\/wp-json\/wp\/v2\/types\/page"}],"author":[{"embeddable":true,"href":"https:\/\/gutschein365.ch\/en\/wp-json\/wp\/v2\/users\/5"}],"replies":[{"embeddable":true,"href":"https:\/\/gutschein365.ch\/en\/wp-json\/wp\/v2\/comments?post=2315"}],"version-history":[{"count":0,"href":"https:\/\/gutschein365.ch\/en\/wp-json\/wp\/v2\/pages\/2315\/revisions"}],"wp:attachment":[{"href":"https:\/\/gutschein365.ch\/en\/wp-json\/wp\/v2\/media?parent=2315"}],"curies":[{"name":"wp","href":"https:\/\/api.w.org\/{rel}","templated":true}]}}